{"id":8748,"date":"2019-03-17T16:52:22","date_gmt":"2019-03-17T15:52:22","guid":{"rendered":"https:\/\/mcprezi.com\/strategiegespraech-buchen-2\/"},"modified":"2019-03-17T16:52:22","modified_gmt":"2019-03-17T15:52:22","slug":"strategiegespraech-buchen","status":"publish","type":"page","link":"https:\/\/mcprezi.com\/at\/strategiegespraech-buchen\/","title":{"rendered":"Kostenloses Erstgespr\u00e4ch buchen"},"content":{"rendered":"<div id='av_section_1'  class='avia-section av-mfegpjmf-25b109ccfdef1f11eea7451e2ec6922d main_color avia-section-default avia-no-border-styling  avia-builder-el-0  el_before_av_layout_row  avia-builder-el-first  avia-bg-style-scroll container_wrap sidebar_right'  ><div class='container av-section-cont-open' ><main  class='template-page content  av-content-small alpha units'><div class='post-entry post-entry-type-page post-entry-8748'><div class='entry-content-wrapper clearfix'>\n\n<style type=\"text\/css\" data-created_by=\"avia_inline_auto\" id=\"style-css-av-2zm8yv-1b2bec492d423c26138ef9524ff4d7fe\">\nbody .av-special-heading.av-2zm8yv-1b2bec492d423c26138ef9524ff4d7fe .av-special-heading-tag .heading-char{\nfont-size:25px;\n}\n.av-special-heading.av-2zm8yv-1b2bec492d423c26138ef9524ff4d7fe .av-subheading{\nfont-size:15px;\n}\n<\/style>\n<div  class='av-special-heading av-2zm8yv-1b2bec492d423c26138ef9524ff4d7fe av-special-heading-h1 blockquote modern-quote  avia-builder-el-1  el_before_av_textblock  avia-builder-el-first  av-linked-heading'><h1 class='av-special-heading-tag '  >Kostenloses<br \/>\nErstgespr\u00e4ch buchen<\/h1><div class=\"special-heading-border\"><div class=\"special-heading-inner-border\"><\/div><\/div><\/div>\n<section  class='av_textblock_section av-jt904kqb-b45db398f22cc0a34cf68a83972a3320 '  ><div class='avia_textblock' ><p>In 30 Minuten besprechen wir dein Projekt, deine Ziele und wie wir dich dabei unterst\u00fctzen k\u00f6nnen. Danach wei\u00dft du genau was m\u00f6glich ist \u2013 und was es kostet.<\/p>\n<\/div><\/section>\n\n<style type=\"text\/css\" data-created_by=\"avia_inline_auto\" id=\"style-css-av-34niw0-db16d674cc007326f1713d04c94120ca\">\n.flex_column.av-34niw0-db16d674cc007326f1713d04c94120ca{\nborder-radius:0px 0px 0px 0px;\npadding:0px 0px 0px 0px;\n}\n<\/style>\n<div  class='flex_column av-34niw0-db16d674cc007326f1713d04c94120ca av_one_half  avia-builder-el-3  el_after_av_textblock  el_before_av_one_half  first flex_column_div av-zero-column-padding  column-top-margin'     ><section  class='av_textblock_section av-mnc8v5au-d5fd0484cbbe80fd71c9fd98cab6db59 '  ><div class='avia_textblock' ><h3>4 Kernpunkte<br \/>\nWann das Gespr\u00e4ch sinnvoll ist<\/h3>\n<ul>\n<li>Du brauchst eine professionelle Pr\u00e4sentation und wei\u00dft noch nicht genau wie sie aussehen soll<\/li>\n<li>Du hast eine wichtige Pr\u00e4sentation vor dir \u2013 Pitch, Messe, Kundenmeeting \u2013 und willst sie professionell aufsetzen<\/li>\n<li>Du willst Prezi f\u00fcr dich oder dein Unternehmen einsetzen und brauchst Beratung<\/li>\n<li>Du hast eine bestehende Pr\u00e4sentation die \u00fcberarbeitet werden soll<\/li>\n<\/ul>\n<\/div><\/section><br \/>\n\n<style type=\"text\/css\" data-created_by=\"avia_inline_auto\" id=\"style-css-av-jt908xgc-4-8606bd4a748f8293618ba3d3223257d6\">\n#top .hr.hr-invisible.av-jt908xgc-4-8606bd4a748f8293618ba3d3223257d6{\nheight:20px;\n}\n<\/style>\n<div  class='hr av-jt908xgc-4-8606bd4a748f8293618ba3d3223257d6 hr-invisible  avia-builder-el-5  el_after_av_textblock  avia-builder-el-last '><span class='hr-inner '><span class=\"hr-inner-style\"><\/span><\/span><\/div><\/p><\/div>\n<style type=\"text\/css\" data-created_by=\"avia_inline_auto\" id=\"style-css-av-2nykmo-252c8ea9dc2d80367e3376c87959aa79\">\n.flex_column.av-2nykmo-252c8ea9dc2d80367e3376c87959aa79{\nborder-radius:0px 0px 0px 0px;\npadding:0px 0px 0px 0px;\n}\n<\/style>\n<div  class='flex_column av-2nykmo-252c8ea9dc2d80367e3376c87959aa79 av_one_half  avia-builder-el-6  el_after_av_one_half  avia-builder-el-last  flex_column_div av-zero-column-padding  column-top-margin'     ><p>\n<style type=\"text\/css\" data-created_by=\"avia_inline_auto\" id=\"style-css-av-jt908xgc-3-d8edb48375ebb6646f72ecc92c10f847\">\n#top .hr.hr-invisible.av-jt908xgc-3-d8edb48375ebb6646f72ecc92c10f847{\nmargin-top:-40px;\nheight:1px;\n}\n<\/style>\n<div  class='hr av-jt908xgc-3-d8edb48375ebb6646f72ecc92c10f847 hr-invisible  avia-builder-el-7  el_before_av_codeblock  avia-builder-el-first '><span class='hr-inner '><span class=\"hr-inner-style\"><\/span><\/span><\/div><br \/>\n<\/p><\/div><\/div><\/div><\/main><!-- close content main element --><\/div><\/div><div id='av-layout-grid-1'  class='av-layout-grid-container av-jtd5k2z7-31a7ed2f325ffdbe0a6cc475b9a560f1 entry-content-wrapper alternate_color av-flex-cells  avia-builder-el-9  el_after_av_section  el_before_av_section  grid-row-not-first  container_wrap sidebar_right'  >\n\n<style type=\"text\/css\" data-created_by=\"avia_inline_auto\" id=\"style-css-av-jtd5hn55-5ffabbc7ba2995b57ddd90c3192e5411\">\n.flex_cell.av-jtd5hn55-5ffabbc7ba2995b57ddd90c3192e5411{\nvertical-align:top;\n}\n.responsive #top #wrap_all .flex_cell.av-jtd5hn55-5ffabbc7ba2995b57ddd90c3192e5411{\npadding:30px 30px 30px 30px !important;\n}\n<\/style>\n<a class=\"av-screen-reader-only\" href=\"https:\/\/mcprezi.com\/kunden\/\" >Link zu: Unsere Kunden \u2013 150+ Unternehmen weltweit<\/a><div class='flex_cell av-jtd5hn55-5ffabbc7ba2995b57ddd90c3192e5411 av-gridrow-cell av_one_third no_margin  avia-builder-el-10  el_before_av_cell_one_third  avia-builder-el-first  content-align-top avia-link-column av-cell-link'  data-link-column-url=\"https:\/\/mcprezi.com\/kunden\/\"  ><div class='flex_cell_inner'>\n<style type=\"text\/css\" data-created_by=\"avia_inline_auto\" id=\"style-css-av-jtd5gzxz-7192049bf690847bada4ad42f9c3bff7\">\n#top .avia-animated-number.av-jtd5gzxz-7192049bf690847bada4ad42f9c3bff7 .avia-animated-number-title{\nfont-size:40px;\n}\n#top .avia-animated-number.av-jtd5gzxz-7192049bf690847bada4ad42f9c3bff7 .avia-animated-number-content{\nfont-size:20px;\n}\n<\/style>\n<div  class=\"avia-animated-number av-jtd5gzxz-7192049bf690847bada4ad42f9c3bff7 av-force-default-color avia_animate_when_visible  avia-builder-el-11  avia-builder-el-no-sibling  avia-color-font-light \" data-timer=\"3000\"><strong class=\"heading avia-animated-number-title\"><span class=\"avia-single-number __av-single-number\" data-number_format=\"\" data-number=\"150\" data-start_from=\"0\">150<\/span><span class=\"avia-no-number\">+ Kunden<\/span><\/strong><div class=\"avia-animated-number-content\"><p>aus diversen Branchen<\/p>\n<\/div><\/div>\n<\/div><\/div>\n<style type=\"text\/css\" data-created_by=\"avia_inline_auto\" id=\"style-css-av-4w9qqf-ac1c37c16f358ea5d0269c70e4784df4\">\n.flex_cell.av-4w9qqf-ac1c37c16f358ea5d0269c70e4784df4{\nvertical-align:top;\n}\n.responsive #top #wrap_all .flex_cell.av-4w9qqf-ac1c37c16f358ea5d0269c70e4784df4{\npadding:30px 30px 30px 30px !important;\n}\n<\/style>\n<div class='flex_cell av-4w9qqf-ac1c37c16f358ea5d0269c70e4784df4 av-gridrow-cell av_one_third no_margin  avia-builder-el-12  el_after_av_cell_one_third  el_before_av_cell_one_third  content-align-top'  ><div class='flex_cell_inner'>\n<style type=\"text\/css\" data-created_by=\"avia_inline_auto\" id=\"style-css-av-jtd5gzxz-2-ee038cfb16d2707e80d28baabbb1aeb1\">\n#top .avia-animated-number.av-jtd5gzxz-2-ee038cfb16d2707e80d28baabbb1aeb1 .avia-animated-number-title{\nfont-size:40px;\n}\n#top .avia-animated-number.av-jtd5gzxz-2-ee038cfb16d2707e80d28baabbb1aeb1 .avia-animated-number-content{\nfont-size:20px;\n}\n<\/style>\n<div  class=\"avia-animated-number av-jtd5gzxz-2-ee038cfb16d2707e80d28baabbb1aeb1 av-force-default-color avia_animate_when_visible  avia-builder-el-13  avia-builder-el-no-sibling  avia-color-font-light \" data-timer=\"3000\"><strong class=\"heading avia-animated-number-title\"><span class=\"avia-single-number __av-single-number\" data-number_format=\"\" data-number=\"500\" data-start_from=\"0\">500<\/span><span class=\"avia-no-number\">+ Personen<\/span><\/strong><div class=\"avia-animated-number-content\"><p>in Prezi &amp; Pr\u00e4sentation trainiert<\/p>\n<\/div><\/div>\n<\/div><\/div>\n<style type=\"text\/css\" data-created_by=\"avia_inline_auto\" id=\"style-css-av-39rwjr-42ad870c933d3b7f9ca6abe06402fed8\">\n.flex_cell.av-39rwjr-42ad870c933d3b7f9ca6abe06402fed8{\nvertical-align:top;\n}\n.responsive #top #wrap_all .flex_cell.av-39rwjr-42ad870c933d3b7f9ca6abe06402fed8{\npadding:30px 30px 30px 30px !important;\n}\n<\/style>\n<div class='flex_cell av-39rwjr-42ad870c933d3b7f9ca6abe06402fed8 av-gridrow-cell av_one_third no_margin  avia-builder-el-14  el_after_av_cell_one_third  avia-builder-el-last  content-align-top'  ><div class='flex_cell_inner'>\n<style type=\"text\/css\" data-created_by=\"avia_inline_auto\" id=\"style-css-av-jtd5gzxz-1-211e8fe682c79df856c074818f0f3563\">\n#top .avia-animated-number.av-jtd5gzxz-1-211e8fe682c79df856c074818f0f3563 .avia-animated-number-title{\nfont-size:40px;\n}\n#top .avia-animated-number.av-jtd5gzxz-1-211e8fe682c79df856c074818f0f3563 .avia-animated-number-content{\nfont-size:20px;\n}\n<\/style>\n<div  class=\"avia-animated-number av-jtd5gzxz-1-211e8fe682c79df856c074818f0f3563 av-force-default-color avia_animate_when_visible  avia-builder-el-15  avia-builder-el-no-sibling  avia-color-font-light \" data-timer=\"3000\"><strong class=\"heading avia-animated-number-title\"><span class=\"avia-single-number __av-single-number\" data-number_format=\"\" data-number=\"1\" data-start_from=\"0\">1<\/span><span class=\"avia-no-number\">.<\/span><span class=\"avia-single-number __av-single-number\" data-number_format=\"\" data-number=\"000\" data-start_from=\"0\">000<\/span><span class=\"avia-no-number\">+ Pr\u00e4sentationen<\/span><\/strong><div class=\"avia-animated-number-content\"><p>entwickelt, designt &amp; erstellt<\/p>\n<\/div><\/div>\n<\/div><\/div>\n<\/div><\/p>\n\n<style type=\"text\/css\" data-created_by=\"avia_inline_auto\" id=\"style-css-av-mnca7d3o-b0574db5d2283a6ffdaae5022a75bfc2\">\n.avia-section.av-mnca7d3o-b0574db5d2283a6ffdaae5022a75bfc2{\nbackground-color:#f5f5f5;\nbackground-image:unset;\n}\n<\/style>\n<div id='av_section_2'  class='avia-section av-mnca7d3o-b0574db5d2283a6ffdaae5022a75bfc2 main_color avia-section-large avia-no-border-styling  avia-builder-el-16  el_after_av_layout_row  el_before_av_section  avia-bg-style-scroll container_wrap sidebar_right'  ><div class='container av-section-cont-open' ><div class='template-page content  av-content-small alpha units'><div class='post-entry post-entry-type-page post-entry-8748'><div class='entry-content-wrapper clearfix'>\n\n<style type=\"text\/css\" data-created_by=\"avia_inline_auto\" id=\"style-css-av-2spu2f-810f873779228d7fcaac80042eb4c089\">\n#top .av-special-heading.av-2spu2f-810f873779228d7fcaac80042eb4c089{\npadding-bottom:30px;\n}\nbody .av-special-heading.av-2spu2f-810f873779228d7fcaac80042eb4c089 .av-special-heading-tag .heading-char{\nfont-size:25px;\n}\n.av-special-heading.av-2spu2f-810f873779228d7fcaac80042eb4c089 .av-subheading{\nfont-size:15px;\n}\n<\/style>\n<div  class='av-special-heading av-2spu2f-810f873779228d7fcaac80042eb4c089 av-special-heading-h2 blockquote modern-quote  avia-builder-el-17  el_before_av_toggle_container  avia-builder-el-first  av-linked-heading'><h2 class='av-special-heading-tag '  >H\u00e4ufige Fragen<\/h2><div class=\"special-heading-border\"><div class=\"special-heading-inner-border\"><\/div><\/div><\/div>\n<div  class='togglecontainer av-mnca71sl-0cbbd02267080f9e95c1717e8249a086 av-elegant-toggle  avia-builder-el-18  el_after_av_heading  avia-builder-el-last  toggle_close_all' >\n<section class='av_toggle_section av-mnca5bmw-b4630ecfb81beb9bfc3895b958ff4451' ><div role=\"tablist\" class=\"single_toggle\" data-tags=\"{Alle} \"  ><h3 id='toggle-toggle-id-1' data-fake-id='#toggle-id-1' class='toggler  av-title-above '  role='tab' tabindex='0' aria-controls='toggle-id-1' data-slide-speed=\"200\" data-title=\"Wie lange dauert das Erstgespr\u00e4ch?\" data-title-open=\"\" data-aria_collapsed=\"Click to expand: Wie lange dauert das Erstgespr\u00e4ch?\" data-aria_expanded=\"Click to collapse: Wie lange dauert das Erstgespr\u00e4ch?\">Wie lange dauert das Erstgespr\u00e4ch?<span class=\"toggle_icon\"><span class=\"vert_icon\"><\/span><span class=\"hor_icon\"><\/span><\/span><\/h3><div id='toggle-id-1' aria-labelledby='toggle-toggle-id-1' role='region' class='toggle_wrap  av-title-above'  ><div class='toggle_content invers-color ' ><p>Maximal 30 Minuten \u2013 fokussiert auf dein Projekt und deine Ziele. Kein Verkaufsgespr\u00e4ch, sondern ein ehrliches Kennenlernen.<\/p>\n<\/div><\/div><\/div><\/section>\n<section class='av_toggle_section av-mnca5viw-ba0177df50d6c1403c9d44c84c87364a' ><div role=\"tablist\" class=\"single_toggle\" data-tags=\"{Alle} \"  ><h3 id='toggle-toggle-id-2' data-fake-id='#toggle-id-2' class='toggler  av-title-above '  role='tab' tabindex='0' aria-controls='toggle-id-2' data-slide-speed=\"200\" data-title=\"Was passiert nach dem Gespr\u00e4ch?\" data-title-open=\"\" data-aria_collapsed=\"Click to expand: Was passiert nach dem Gespr\u00e4ch?\" data-aria_expanded=\"Click to collapse: Was passiert nach dem Gespr\u00e4ch?\">Was passiert nach dem Gespr\u00e4ch?<span class=\"toggle_icon\"><span class=\"vert_icon\"><\/span><span class=\"hor_icon\"><\/span><\/span><\/h3><div id='toggle-id-2' aria-labelledby='toggle-toggle-id-2' role='region' class='toggle_wrap  av-title-above'  ><div class='toggle_content invers-color ' ><p>Du erh\u00e4ltst innerhalb von 24\u201348 Stunden ein individuelles Fixpreisangebot das auf deine Anforderungen zugeschnitten ist.<\/p>\n<\/div><\/div><\/div><\/section>\n<section class='av_toggle_section av-mnca6e9k-7d2365ba173edb7585699465dd1d8461' ><div role=\"tablist\" class=\"single_toggle\" data-tags=\"{Alle} \"  ><h3 id='toggle-toggle-id-3' data-fake-id='#toggle-id-3' class='toggler  av-title-above '  role='tab' tabindex='0' aria-controls='toggle-id-3' data-slide-speed=\"200\" data-title=\"Ist das Gespr\u00e4ch wirklich kostenlos?\" data-title-open=\"\" data-aria_collapsed=\"Click to expand: Ist das Gespr\u00e4ch wirklich kostenlos?\" data-aria_expanded=\"Click to collapse: Ist das Gespr\u00e4ch wirklich kostenlos?\">Ist das Gespr\u00e4ch wirklich kostenlos?<span class=\"toggle_icon\"><span class=\"vert_icon\"><\/span><span class=\"hor_icon\"><\/span><\/span><\/h3><div id='toggle-id-3' aria-labelledby='toggle-toggle-id-3' role='region' class='toggle_wrap  av-title-above'  ><div class='toggle_content invers-color ' ><p>Ja \u2013 ohne Wenn und Aber. Keine versteckten Kosten, keine Verpflichtung.<\/p>\n<\/div><\/div><\/div><\/section>\n<section class='av_toggle_section av-mnca6ycj-84f6e950862bb09d4ba10f8d930974a8' ><div role=\"tablist\" class=\"single_toggle\" data-tags=\"{Alle} \"  ><h3 id='toggle-toggle-id-4' data-fake-id='#toggle-id-4' class='toggler  av-title-above '  role='tab' tabindex='0' aria-controls='toggle-id-4' data-slide-speed=\"200\" data-title=\"Wie findet das Gespr\u00e4ch statt?\" data-title-open=\"\" data-aria_collapsed=\"Click to expand: Wie findet das Gespr\u00e4ch statt?\" data-aria_expanded=\"Click to collapse: Wie findet das Gespr\u00e4ch statt?\">Wie findet das Gespr\u00e4ch statt?<span class=\"toggle_icon\"><span class=\"vert_icon\"><\/span><span class=\"hor_icon\"><\/span><\/span><\/h3><div id='toggle-id-4' aria-labelledby='toggle-toggle-id-4' role='region' class='toggle_wrap  av-title-above'  ><div class='toggle_content invers-color ' ><p>Online per Video-Call oder telefonisch \u2013 ganz nach deiner Pr\u00e4ferenz.<\/p>\n<\/div><\/div><\/div><\/section>\n<\/div>\n\n<\/div><\/div><\/div><!-- close content main div --><\/div><\/div>\n<style type=\"text\/css\" data-created_by=\"avia_inline_auto\" id=\"style-css-av-2i38x3-319a36c60ac5b1305f454616e5f1656a\">\n.avia-section.av-2i38x3-319a36c60ac5b1305f454616e5f1656a{\nbackground-color:#160f4b;\nbackground-image:unset;\n}\n<\/style>\n<div id='av_section_3'  class='avia-section av-2i38x3-319a36c60ac5b1305f454616e5f1656a alternate_color avia-section-default avia-no-border-styling  avia-builder-el-19  el_after_av_section  avia-builder-el-last  avia-bg-style-scroll container_wrap sidebar_right'  ><div class='container av-section-cont-open' ><div class='template-page content  av-content-small alpha units'><div class='post-entry post-entry-type-page post-entry-8748'><div class='entry-content-wrapper clearfix'>\n\n<\/div><\/div><\/div><!-- close content main div --><\/div><\/div><div id='after_section_3'  class='main_color av_default_container_wrap container_wrap sidebar_right'  ><div class='container av-section-cont-open' ><div class='template-page content  av-content-small alpha units'><div class='post-entry post-entry-type-page post-entry-8748'><div class='entry-content-wrapper clearfix'>\n","protected":false},"excerpt":{"rendered":"","protected":false},"author":3,"featured_media":6977,"parent":0,"menu_order":0,"comment_status":"closed","ping_status":"closed","template":"","meta":{"footnotes":""},"class_list":["post-8748","page","type-page","status-publish","has-post-thumbnail","hentry"],"yoast_head":"<!-- This site is optimized with the Yoast SEO plugin v27.2 - https:\/\/yoast.com\/product\/yoast-seo-wordpress\/ -->\n<title>Kostenloses Erstgespr\u00e4ch buchen | MCPREZI<\/title>\n<meta name=\"robots\" content=\"index, follow, max-snippet:-1, max-image-preview:large, max-video-preview:-1\" \/>\n<link rel=\"canonical\" href=\"https:\/\/mcprezi.com\/at\/strategiegespraech-buchen\/\" \/>\n<meta property=\"og:locale\" content=\"de_DE\" \/>\n<meta property=\"og:type\" content=\"article\" \/>\n<meta property=\"og:title\" content=\"Kostenloses Erstgespr\u00e4ch buchen | MCPREZI\" \/>\n<meta property=\"og:url\" content=\"https:\/\/mcprezi.com\/at\/strategiegespraech-buchen\/\" \/>\n<meta property=\"og:site_name\" content=\"MCPREZI\" \/>\n<meta property=\"article:publisher\" content=\"https:\/\/www.facebook.com\/mcprezicom\" \/>\n<meta name=\"twitter:card\" content=\"summary_large_image\" \/>\n<meta name=\"twitter:site\" content=\"@mcprezi\" \/>\n<!-- \/ Yoast SEO plugin. -->","yoast_head_json":{"title":"Kostenloses Erstgespr\u00e4ch buchen | MCPREZI","robots":{"index":"index","follow":"follow","max-snippet":"max-snippet:-1","max-image-preview":"max-image-preview:large","max-video-preview":"max-video-preview:-1"},"canonical":"https:\/\/mcprezi.com\/at\/strategiegespraech-buchen\/","og_locale":"de_DE","og_type":"article","og_title":"Kostenloses Erstgespr\u00e4ch buchen | MCPREZI","og_url":"https:\/\/mcprezi.com\/at\/strategiegespraech-buchen\/","og_site_name":"MCPREZI","article_publisher":"https:\/\/www.facebook.com\/mcprezicom","twitter_card":"summary_large_image","twitter_site":"@mcprezi","schema":{"@context":"https:\/\/schema.org","@graph":[{"@type":"WebPage","@id":"https:\/\/mcprezi.com\/at\/strategiegespraech-buchen\/","url":"https:\/\/mcprezi.com\/at\/strategiegespraech-buchen\/","name":"Kostenloses Erstgespr\u00e4ch buchen | MCPREZI","isPartOf":{"@id":"https:\/\/mcprezi.com\/at\/#website"},"primaryImageOfPage":{"@id":"https:\/\/mcprezi.com\/at\/strategiegespraech-buchen\/#primaryimage"},"image":{"@id":"https:\/\/mcprezi.com\/at\/strategiegespraech-buchen\/#primaryimage"},"thumbnailUrl":"https:\/\/mcprezi.com\/wp-content\/uploads\/2019\/03\/strategiegespraech-buchen-praesentation-prezi-MCPREZI-Michael-Sinnhuber_featured.jpg","datePublished":"2019-03-17T15:52:22+00:00","breadcrumb":{"@id":"https:\/\/mcprezi.com\/at\/strategiegespraech-buchen\/#breadcrumb"},"inLanguage":"de-AT","potentialAction":[{"@type":"ReadAction","target":["https:\/\/mcprezi.com\/at\/strategiegespraech-buchen\/"]}]},{"@type":"ImageObject","inLanguage":"de-AT","@id":"https:\/\/mcprezi.com\/at\/strategiegespraech-buchen\/#primaryimage","url":"https:\/\/mcprezi.com\/wp-content\/uploads\/2019\/03\/strategiegespraech-buchen-praesentation-prezi-MCPREZI-Michael-Sinnhuber_featured.jpg","contentUrl":"https:\/\/mcprezi.com\/wp-content\/uploads\/2019\/03\/strategiegespraech-buchen-praesentation-prezi-MCPREZI-Michael-Sinnhuber_featured.jpg","width":1500,"height":720,"caption":"Sie wollen besser pr\u00e4sentieren, bessere Pr\u00e4sentation oder mit Prezi voll durchstarten, wissen aber nicht wie? Dann buchen Sie jetzt ein kostenloses Strategiegespr\u00e4ch mit MCPREZI - Michael Sinnhuber"},{"@type":"BreadcrumbList","@id":"https:\/\/mcprezi.com\/at\/strategiegespraech-buchen\/#breadcrumb","itemListElement":[{"@type":"ListItem","position":1,"name":"Home","item":"https:\/\/mcprezi.com\/at\/start\/"},{"@type":"ListItem","position":2,"name":"Kostenloses Erstgespr\u00e4ch buchen"}]},{"@type":"WebSite","@id":"https:\/\/mcprezi.com\/at\/#website","url":"https:\/\/mcprezi.com\/at\/","name":"MCPREZI","description":"Agentur f\u00fcr Rhetorik &amp; Pr\u00e4sentation, Prezi &amp; Powerpoint","publisher":{"@id":"https:\/\/mcprezi.com\/at\/#organization"},"potentialAction":[{"@type":"SearchAction","target":{"@type":"EntryPoint","urlTemplate":"https:\/\/mcprezi.com\/at\/?s={search_term_string}"},"query-input":{"@type":"PropertyValueSpecification","valueRequired":true,"valueName":"search_term_string"}}],"inLanguage":"de-AT"},{"@type":"Organization","@id":"https:\/\/mcprezi.com\/at\/#organization","name":"MCPREZI - Agentur f\u00fcr Rhetorik & Pr\u00e4sentation, Prezi & Powerpoint","url":"https:\/\/mcprezi.com\/at\/","logo":{"@type":"ImageObject","inLanguage":"de-AT","@id":"https:\/\/mcprezi.com\/at\/#\/schema\/logo\/image\/","url":"https:\/\/mcprezi.com\/wp-content\/uploads\/2025\/01\/MCPREZI.com-Logo-gr.png","contentUrl":"https:\/\/mcprezi.com\/wp-content\/uploads\/2025\/01\/MCPREZI.com-Logo-gr.png","width":1000,"height":1000,"caption":"MCPREZI - Agentur f\u00fcr Rhetorik & Pr\u00e4sentation, Prezi & Powerpoint"},"image":{"@id":"https:\/\/mcprezi.com\/at\/#\/schema\/logo\/image\/"},"sameAs":["https:\/\/www.facebook.com\/mcprezicom","https:\/\/x.com\/mcprezi","https:\/\/instagram.com\/mcprezi","https:\/\/www.linkedin.com\/company\/mcprezi---presentations-that-move","https:\/\/www.pinterest.com\/mcprezi\/"]}]}},"_links":{"self":[{"href":"https:\/\/mcprezi.com\/at\/wp-json\/wp\/v2\/pages\/8748","targetHints":{"allow":["GET"]}}],"collection":[{"href":"https:\/\/mcprezi.com\/at\/wp-json\/wp\/v2\/pages"}],"about":[{"href":"https:\/\/mcprezi.com\/at\/wp-json\/wp\/v2\/types\/page"}],"author":[{"embeddable":true,"href":"https:\/\/mcprezi.com\/at\/wp-json\/wp\/v2\/users\/3"}],"replies":[{"embeddable":true,"href":"https:\/\/mcprezi.com\/at\/wp-json\/wp\/v2\/comments?post=8748"}],"version-history":[{"count":0,"href":"https:\/\/mcprezi.com\/at\/wp-json\/wp\/v2\/pages\/8748\/revisions"}],"wp:featuredmedia":[{"embeddable":true,"href":"https:\/\/mcprezi.com\/at\/wp-json\/wp\/v2\/media\/6977"}],"wp:attachment":[{"href":"https:\/\/mcprezi.com\/at\/wp-json\/wp\/v2\/media?parent=8748"}],"curies":[{"name":"wp","href":"https:\/\/api.w.org\/{rel}","templated":true}]}}