{"id":7594,"date":"2019-03-17T16:52:22","date_gmt":"2019-03-17T15:52:22","guid":{"rendered":"https:\/\/mcprezi.com\/strategiegespraech-buchen\/"},"modified":"2026-03-30T00:13:19","modified_gmt":"2026-03-29T22:13:19","slug":"strategy-call","status":"publish","type":"page","link":"https:\/\/mcprezi.com\/en\/strategy-call\/","title":{"rendered":"Book a Strategy Call"},"content":{"rendered":"<div id='av_section_1'  class='avia-section av-jt90kwht-78a30b743ebe8d1dcecb1230d5f2e989 main_color avia-section-large avia-no-border-styling  avia-builder-el-0  el_before_av_layout_row  avia-builder-el-first  avia-bg-style-scroll container_wrap sidebar_right'  ><div class='container av-section-cont-open' ><main  class='template-page content  av-content-small alpha units'><div class='post-entry post-entry-type-page post-entry-7594'><div class='entry-content-wrapper clearfix'>\n\n<style type=\"text\/css\" data-created_by=\"avia_inline_auto\" id=\"style-css-av-2sb9uy-59bbde7cb66a0b8742c269edf292b238\">\n#top .av-special-heading.av-2sb9uy-59bbde7cb66a0b8742c269edf292b238{\npadding-bottom:30px;\nfont-size:70px;\n}\nbody .av-special-heading.av-2sb9uy-59bbde7cb66a0b8742c269edf292b238 .av-special-heading-tag .heading-char{\nfont-size:25px;\n}\n#top #wrap_all .av-special-heading.av-2sb9uy-59bbde7cb66a0b8742c269edf292b238 .av-special-heading-tag{\nfont-size:70px;\n}\n.av-special-heading.av-2sb9uy-59bbde7cb66a0b8742c269edf292b238 .av-subheading{\nfont-size:15px;\n}\n\n@media only screen and (min-width: 480px) and (max-width: 767px){ \n#top #wrap_all .av-special-heading.av-2sb9uy-59bbde7cb66a0b8742c269edf292b238 .av-special-heading-tag{\nfont-size:0.8em;\n}\n}\n\n@media only screen and (max-width: 479px){ \n#top #wrap_all .av-special-heading.av-2sb9uy-59bbde7cb66a0b8742c269edf292b238 .av-special-heading-tag{\nfont-size:0.8em;\n}\n}\n<\/style>\n<div  class='av-special-heading av-2sb9uy-59bbde7cb66a0b8742c269edf292b238 av-special-heading-h1 blockquote modern-quote  avia-builder-el-1  el_before_av_hr  avia-builder-el-first  av-thin-font av-inherit-size'><h1 class='av-special-heading-tag '  >Book a free Strategy Call<strong>.<\/strong><\/h1><div class=\"special-heading-border\"><div class=\"special-heading-inner-border\"><\/div><\/div><\/div>\n\n<style type=\"text\/css\" data-created_by=\"avia_inline_auto\" id=\"style-css-av-jt908xgc-ce782544995f9ff7f15e4974a987f4e9\">\n#top .hr.hr-invisible.av-jt908xgc-ce782544995f9ff7f15e4974a987f4e9{\nheight:50px;\n}\n<\/style>\n<div  class='hr av-jt908xgc-ce782544995f9ff7f15e4974a987f4e9 hr-invisible  avia-builder-el-2  el_after_av_heading  el_before_av_one_half '><span class='hr-inner '><span class=\"hr-inner-style\"><\/span><\/span><\/div>\n\n<style type=\"text\/css\" data-created_by=\"avia_inline_auto\" id=\"style-css-av-34niw0-db16d674cc007326f1713d04c94120ca\">\n.flex_column.av-34niw0-db16d674cc007326f1713d04c94120ca{\nborder-radius:0px 0px 0px 0px;\npadding:0px 0px 0px 0px;\n}\n<\/style>\n<div  class='flex_column av-34niw0-db16d674cc007326f1713d04c94120ca av_one_half  avia-builder-el-3  el_after_av_hr  el_before_av_one_half  first flex_column_div av-zero-column-padding  '     ><section  class='av_textblock_section av-jt904kqb-ff8ca1dfc0e9d36178dd838aeeb53628 '  ><div class='avia_textblock' ><ul>\n<li>You know that you need to change something about your presentation (style &amp; skills), but you don&#8217;t know what?<\/li>\n<li>You know the message, that you want to get across, but you don&#8217;t know how?<\/li>\n<li>You know exactly what you want and need to work on and you are looking for an expert to support you?<\/li>\n<li>You want to start using Prezi, but you don&#8217;t know, how to best use it for your company?<\/li>\n<li>You want to establish Prezi as THE presentation software in your company and need help?<\/li>\n<li>You have \u00f2ther issuesthat you want to discuss with us?<\/li>\n<\/ul>\n<p>If you answered one or more questions with YES, then we would love to discuss your topics with you on a <strong>FREE STRATEGY CALL<\/strong>!<br \/>\nBook your call NOW directly in our calendar!<\/p>\n<\/div><\/section><br \/>\n\n<style type=\"text\/css\" data-created_by=\"avia_inline_auto\" id=\"style-css-av-jt908xgc-6-ba905c5f2115dbb2fddf8fadcb30895c\">\n#top .hr.hr-invisible.av-jt908xgc-6-ba905c5f2115dbb2fddf8fadcb30895c{\nheight:20px;\n}\n<\/style>\n<div  class='hr av-jt908xgc-6-ba905c5f2115dbb2fddf8fadcb30895c hr-invisible  avia-builder-el-5  el_after_av_textblock  el_before_av_button '><span class='hr-inner '><span class=\"hr-inner-style\"><\/span><\/span><\/div><br \/>\n<div  class='avia-button-wrap av-jtdh4jl6-55d611a3d8b0a9cd9aa786b456a5553a-wrap avia-button-left  avia-builder-el-6  el_after_av_hr  el_before_av_button '><a href='tel:+43-681-10145498'  class='avia-button av-jtdh4jl6-55d611a3d8b0a9cd9aa786b456a5553a av-link-btn avia-icon_select-yes-right-icon avia-size-large avia-position-left av-icon-on-hover avia-color-theme-color'   aria-label=\"CALL\"><span class='avia_iconbox_title' >CALL<\/span><span class='avia_button_icon avia_button_icon_right avia-iconfont avia-font-entypo-fontello' data-av_icon='\ue879' data-av_iconfont='entypo-fontello' ><\/span><\/a><\/div><br \/>\n<div  class='avia-button-wrap av-jtdh4jl6-4-02b9dbc2ec18632e263001b18a7de574-wrap avia-button-left  avia-builder-el-7  el_after_av_button  avia-builder-el-last '><a href='mailto:hello@mcprezi.com'  class='avia-button av-jtdh4jl6-4-02b9dbc2ec18632e263001b18a7de574 av-link-btn avia-icon_select-yes-right-icon avia-size-large avia-position-left av-icon-on-hover avia-color-theme-color'   aria-label=\"SEND A MESSAGE\"><span class='avia_iconbox_title' >SEND A MESSAGE<\/span><span class='avia_button_icon avia_button_icon_right avia-iconfont avia-font-entypo-fontello' data-av_icon='\ue879' data-av_iconfont='entypo-fontello' ><\/span><\/a><\/div><\/p><\/div>\n<style type=\"text\/css\" data-created_by=\"avia_inline_auto\" id=\"style-css-av-2nykmo-252c8ea9dc2d80367e3376c87959aa79\">\n.flex_column.av-2nykmo-252c8ea9dc2d80367e3376c87959aa79{\nborder-radius:0px 0px 0px 0px;\npadding:0px 0px 0px 0px;\n}\n<\/style>\n<div  class='flex_column av-2nykmo-252c8ea9dc2d80367e3376c87959aa79 av_one_half  avia-builder-el-8  el_after_av_one_half  avia-builder-el-last  flex_column_div av-zero-column-padding  '     ><p>\n<style type=\"text\/css\" data-created_by=\"avia_inline_auto\" id=\"style-css-av-jt908xgc-5-1784c8498beddf7bd168096c4c4d7c21\">\n#top .hr.hr-invisible.av-jt908xgc-5-1784c8498beddf7bd168096c4c4d7c21{\nmargin-top:-40px;\nheight:1px;\n}\n<\/style>\n<div  class='hr av-jt908xgc-5-1784c8498beddf7bd168096c4c4d7c21 hr-invisible  avia-builder-el-9  el_before_av_codeblock  avia-builder-el-first '><span class='hr-inner '><span class=\"hr-inner-style\"><\/span><\/span><\/div><br \/>\n<\/p><\/div><\/div><\/div><\/main><!-- close content main element --><\/div><\/div><div id='av-layout-grid-1'  class='av-layout-grid-container av-jtd5k2z7-f721faf83e742296c434b15d7a55bf8d entry-content-wrapper alternate_color av-flex-cells  avia-builder-el-11  el_after_av_section  avia-builder-el-last  grid-row-not-first  container_wrap sidebar_right'  >\n\n<style type=\"text\/css\" data-created_by=\"avia_inline_auto\" id=\"style-css-av-jtd5hn55-542f3ace0bf8cc30d687d7cdf89de9f9\">\n.flex_cell.av-jtd5hn55-542f3ace0bf8cc30d687d7cdf89de9f9{\nvertical-align:top;\n}\n.responsive #top #wrap_all .flex_cell.av-jtd5hn55-542f3ace0bf8cc30d687d7cdf89de9f9{\npadding:30px 30px 30px 30px !important;\n}\n<\/style>\n<a class=\"av-screen-reader-only\" href=\"https:\/\/mcprezi.com\/kunden\/\" >Link to: Unsere Kunden \u2013 150+ Unternehmen weltweit<\/a><div class='flex_cell av-jtd5hn55-542f3ace0bf8cc30d687d7cdf89de9f9 av-gridrow-cell av_one_third no_margin  avia-builder-el-12  el_before_av_cell_one_third  avia-builder-el-first  content-align-top avia-link-column av-cell-link'  data-link-column-url=\"https:\/\/mcprezi.com\/kunden\/\"  ><div class='flex_cell_inner'>\n<style type=\"text\/css\" data-created_by=\"avia_inline_auto\" id=\"style-css-av-jtd5gzxz-79a84fd4aec26c58b32f4178e286a3fa\">\n#top .avia-animated-number.av-jtd5gzxz-79a84fd4aec26c58b32f4178e286a3fa .avia-animated-number-title{\nfont-size:50px;\n}\n#top .avia-animated-number.av-jtd5gzxz-79a84fd4aec26c58b32f4178e286a3fa .avia-animated-number-content{\nfont-size:20px;\n}\n<\/style>\n<div  class=\"avia-animated-number av-jtd5gzxz-79a84fd4aec26c58b32f4178e286a3fa av-force-default-color avia_animate_when_visible  avia-builder-el-13  avia-builder-el-no-sibling  avia-color-font-light \" data-timer=\"3000\"><strong class=\"heading avia-animated-number-title\"><span class=\"avia-single-number __av-single-number\" data-number_format=\"\" data-number=\"150\" data-start_from=\"0\">150<\/span><span class=\"avia-no-number\">+ Kunden<\/span><\/strong><div class=\"avia-animated-number-content\"><p>aus diversen Branchen<\/p>\n<\/div><\/div>\n<\/div><\/div>\n<style type=\"text\/css\" data-created_by=\"avia_inline_auto\" id=\"style-css-av-4w9qqf-1473b6ed31284669f000b90bb14a8c97\">\n.flex_cell.av-4w9qqf-1473b6ed31284669f000b90bb14a8c97{\nvertical-align:top;\nbackground-color:#ffffff;\n}\n.responsive #top #wrap_all .flex_cell.av-4w9qqf-1473b6ed31284669f000b90bb14a8c97{\npadding:30px 30px 30px 30px !important;\n}\n<\/style>\n<a class=\"av-screen-reader-only\" href=\"https:\/\/mcprezi.com\/praesentation\/training\/\" >Link to: Prezi Training &#038; Coaching &#8211; Pr\u00e4sentation<\/a><div class='flex_cell av-4w9qqf-1473b6ed31284669f000b90bb14a8c97 av-gridrow-cell av_one_third no_margin  avia-builder-el-14  el_after_av_cell_one_third  el_before_av_cell_one_third  content-align-top avia-link-column av-cell-link'  data-link-column-url=\"https:\/\/mcprezi.com\/praesentation\/training\/\"  ><div class='flex_cell_inner'>\n<style type=\"text\/css\" data-created_by=\"avia_inline_auto\" id=\"style-css-av-jtd5gzxz-3-e73cd1d5f4bb4dabb592a4b5b2991332\">\n#top .avia-animated-number.av-jtd5gzxz-3-e73cd1d5f4bb4dabb592a4b5b2991332 .avia-animated-number-title{\nfont-size:50px;\n}\n#top .avia-animated-number.av-jtd5gzxz-3-e73cd1d5f4bb4dabb592a4b5b2991332 .avia-animated-number-content{\nfont-size:20px;\n}\n<\/style>\n<div  class=\"avia-animated-number av-jtd5gzxz-3-e73cd1d5f4bb4dabb592a4b5b2991332 av-force-default-color avia_animate_when_visible  avia-builder-el-15  avia-builder-el-no-sibling  avia-color-font-dark \" data-timer=\"3000\"><strong class=\"heading avia-animated-number-title\"><span class=\"avia-single-number __av-single-number\" data-number_format=\"\" data-number=\"500\" data-start_from=\"0\">500<\/span><span class=\"avia-no-number\">+ Personen<\/span><\/strong><div class=\"avia-animated-number-content\"><p>in Prezi &amp; Pr\u00e4sentation trainiert<\/p>\n<\/div><\/div>\n<\/div><\/div>\n<style type=\"text\/css\" data-created_by=\"avia_inline_auto\" id=\"style-css-av-39rwjr-72582dfcff9e51a288b56c0c1648ff45\">\n.flex_cell.av-39rwjr-72582dfcff9e51a288b56c0c1648ff45{\nvertical-align:top;\n}\n.responsive #top #wrap_all .flex_cell.av-39rwjr-72582dfcff9e51a288b56c0c1648ff45{\npadding:30px 30px 30px 30px !important;\n}\n<\/style>\n<div class='flex_cell av-39rwjr-72582dfcff9e51a288b56c0c1648ff45 av-gridrow-cell av_one_third no_margin  avia-builder-el-16  el_after_av_cell_one_third  avia-builder-el-last  content-align-top'  ><div class='flex_cell_inner'>\n<style type=\"text\/css\" data-created_by=\"avia_inline_auto\" id=\"style-css-av-jtd5gzxz-2-aedc095bd973082bbac6b9937324adfd\">\n#top .avia-animated-number.av-jtd5gzxz-2-aedc095bd973082bbac6b9937324adfd .avia-animated-number-title{\nfont-size:50px;\n}\n#top .avia-animated-number.av-jtd5gzxz-2-aedc095bd973082bbac6b9937324adfd .avia-animated-number-content{\nfont-size:20px;\n}\n<\/style>\n<div  class=\"avia-animated-number av-jtd5gzxz-2-aedc095bd973082bbac6b9937324adfd av-force-default-color avia_animate_when_visible  avia-builder-el-17  avia-builder-el-no-sibling  avia-color-font-light \" data-timer=\"3000\"><strong class=\"heading avia-animated-number-title\"><span class=\"avia-single-number __av-single-number\" data-number_format=\"\" data-number=\"1\" data-start_from=\"0\">1<\/span><span class=\"avia-no-number\">.<\/span><span class=\"avia-single-number __av-single-number\" data-number_format=\"\" data-number=\"000\" data-start_from=\"0\">000<\/span><span class=\"avia-no-number\">+ Pr\u00e4sentationen<\/span><\/strong><div class=\"avia-animated-number-content\"><p>mit Prezi &amp; Prezi Next erstellt<\/p>\n<\/div><\/div>\n<\/div><\/div>\n<\/div><\/p>\n","protected":false},"excerpt":{"rendered":"","protected":false},"author":3,"featured_media":6978,"parent":0,"menu_order":0,"comment_status":"closed","ping_status":"closed","template":"","meta":{"footnotes":""},"class_list":["post-7594","page","type-page","status-publish","has-post-thumbnail","hentry"],"yoast_head":"<!-- This site is optimized with the Yoast SEO plugin v27.2 - https:\/\/yoast.com\/product\/yoast-seo-wordpress\/ -->\n<title>Book a Strategy Call | MCPREZI - Public Speaking, Presentation &amp; Prezi Agency<\/title>\n<meta name=\"description\" content=\"Sie wollen Ihre Pr\u00e4sentation, Ihre Pr\u00e4sentations- oder Prezi-Kenntnisse verbessern &amp; optimieren, wisssen aber nicht wie? Jetzt Strategiegespr\u00e4ch buchen!\" \/>\n<meta name=\"robots\" content=\"index, follow, max-snippet:-1, max-image-preview:large, max-video-preview:-1\" \/>\n<link rel=\"canonical\" href=\"https:\/\/mcprezi.com\/en\/strategy-call\/\" \/>\n<meta property=\"og:locale\" content=\"en_US\" \/>\n<meta property=\"og:type\" content=\"article\" \/>\n<meta property=\"og:title\" content=\"Book a Strategy Call | MCPREZI - Public Speaking, Presentation &amp; Prezi Agency\" \/>\n<meta property=\"og:description\" content=\"Sie wollen Ihre Pr\u00e4sentation, Ihre Pr\u00e4sentations- oder Prezi-Kenntnisse verbessern &amp; optimieren, wisssen aber nicht wie? Jetzt Strategiegespr\u00e4ch buchen!\" \/>\n<meta property=\"og:url\" content=\"https:\/\/mcprezi.com\/en\/strategy-call\/\" \/>\n<meta property=\"og:site_name\" content=\"MCPREZI - Public Speaking, Presentation &amp; Prezi Agency\" \/>\n<meta property=\"article:publisher\" content=\"https:\/\/www.facebook.com\/mcprezicom\" \/>\n<meta property=\"article:modified_time\" content=\"2026-03-29T22:13:19+00:00\" \/>\n<meta property=\"og:image\" content=\"https:\/\/mcprezi.com\/wp-content\/uploads\/2019\/03\/strategiegespraech-buchen-praesentation-prezi-MCPREZI-Michael-Sinnhuber_featured.jpg\" \/>\n\t<meta property=\"og:image:width\" content=\"1500\" \/>\n\t<meta property=\"og:image:height\" content=\"720\" \/>\n\t<meta property=\"og:image:type\" content=\"image\/jpeg\" \/>\n<meta name=\"twitter:card\" content=\"summary_large_image\" \/>\n<meta name=\"twitter:site\" content=\"@mcprezi\" \/>\n<!-- \/ Yoast SEO plugin. -->","yoast_head_json":{"title":"Book a Strategy Call | MCPREZI - Public Speaking, Presentation &amp; Prezi Agency","description":"Sie wollen Ihre Pr\u00e4sentation, Ihre Pr\u00e4sentations- oder Prezi-Kenntnisse verbessern & optimieren, wisssen aber nicht wie? Jetzt Strategiegespr\u00e4ch buchen!","robots":{"index":"index","follow":"follow","max-snippet":"max-snippet:-1","max-image-preview":"max-image-preview:large","max-video-preview":"max-video-preview:-1"},"canonical":"https:\/\/mcprezi.com\/en\/strategy-call\/","og_locale":"en_US","og_type":"article","og_title":"Book a Strategy Call | MCPREZI - Public Speaking, Presentation &amp; Prezi Agency","og_description":"Sie wollen Ihre Pr\u00e4sentation, Ihre Pr\u00e4sentations- oder Prezi-Kenntnisse verbessern & optimieren, wisssen aber nicht wie? Jetzt Strategiegespr\u00e4ch buchen!","og_url":"https:\/\/mcprezi.com\/en\/strategy-call\/","og_site_name":"MCPREZI - Public Speaking, Presentation &amp; Prezi Agency","article_publisher":"https:\/\/www.facebook.com\/mcprezicom","article_modified_time":"2026-03-29T22:13:19+00:00","og_image":[{"width":1500,"height":720,"url":"https:\/\/mcprezi.com\/wp-content\/uploads\/2019\/03\/strategiegespraech-buchen-praesentation-prezi-MCPREZI-Michael-Sinnhuber_featured.jpg","type":"image\/jpeg"}],"twitter_card":"summary_large_image","twitter_site":"@mcprezi","schema":{"@context":"https:\/\/schema.org","@graph":[{"@type":"WebPage","@id":"https:\/\/mcprezi.com\/en\/strategy-call\/","url":"https:\/\/mcprezi.com\/en\/strategy-call\/","name":"Book a Strategy Call | MCPREZI - Public Speaking, Presentation &amp; Prezi Agency","isPartOf":{"@id":"https:\/\/mcprezi.com\/en\/#website"},"primaryImageOfPage":{"@id":"https:\/\/mcprezi.com\/en\/strategy-call\/#primaryimage"},"image":{"@id":"https:\/\/mcprezi.com\/en\/strategy-call\/#primaryimage"},"thumbnailUrl":"https:\/\/mcprezi.com\/wp-content\/uploads\/2019\/03\/strategiegespraech-buchen-praesentation-prezi-MCPREZI-Michael-Sinnhuber_featured.jpg","datePublished":"2019-03-17T15:52:22+00:00","dateModified":"2026-03-29T22:13:19+00:00","description":"Sie wollen Ihre Pr\u00e4sentation, Ihre Pr\u00e4sentations- oder Prezi-Kenntnisse verbessern & optimieren, wisssen aber nicht wie? Jetzt Strategiegespr\u00e4ch buchen!","breadcrumb":{"@id":"https:\/\/mcprezi.com\/en\/strategy-call\/#breadcrumb"},"inLanguage":"en-US","potentialAction":[{"@type":"ReadAction","target":["https:\/\/mcprezi.com\/en\/strategy-call\/"]}]},{"@type":"ImageObject","inLanguage":"en-US","@id":"https:\/\/mcprezi.com\/en\/strategy-call\/#primaryimage","url":"https:\/\/mcprezi.com\/wp-content\/uploads\/2019\/03\/strategiegespraech-buchen-praesentation-prezi-MCPREZI-Michael-Sinnhuber_featured.jpg","contentUrl":"https:\/\/mcprezi.com\/wp-content\/uploads\/2019\/03\/strategiegespraech-buchen-praesentation-prezi-MCPREZI-Michael-Sinnhuber_featured.jpg","width":1500,"height":720,"caption":"Sie wollen besser pr\u00e4sentieren, bessere Pr\u00e4sentation oder mit Prezi voll durchstarten, wissen aber nicht wie? Dann buchen Sie jetzt ein kostenloses Strategiegespr\u00e4ch mit MCPREZI - Michael Sinnhuber"},{"@type":"BreadcrumbList","@id":"https:\/\/mcprezi.com\/en\/strategy-call\/#breadcrumb","itemListElement":[{"@type":"ListItem","position":1,"name":"Home","item":"https:\/\/mcprezi.com\/en\/start\/"},{"@type":"ListItem","position":2,"name":"Book a Strategy Call"}]},{"@type":"WebSite","@id":"https:\/\/mcprezi.com\/en\/#website","url":"https:\/\/mcprezi.com\/en\/","name":"MCPREZI","description":"Agency for Public Speaking, Presentation, Prezi &amp; Powerpoint","publisher":{"@id":"https:\/\/mcprezi.com\/en\/#organization"},"potentialAction":[{"@type":"SearchAction","target":{"@type":"EntryPoint","urlTemplate":"https:\/\/mcprezi.com\/en\/?s={search_term_string}"},"query-input":{"@type":"PropertyValueSpecification","valueRequired":true,"valueName":"search_term_string"}}],"inLanguage":"en-US"},{"@type":"Organization","@id":"https:\/\/mcprezi.com\/en\/#organization","name":"MCPREZI - Agentur f\u00fcr Rhetorik & Pr\u00e4sentation, Prezi & Powerpoint","url":"https:\/\/mcprezi.com\/en\/","logo":{"@type":"ImageObject","inLanguage":"en-US","@id":"https:\/\/mcprezi.com\/en\/#\/schema\/logo\/image\/","url":"https:\/\/mcprezi.com\/wp-content\/uploads\/2025\/01\/MCPREZI.com-Logo-gr.png","contentUrl":"https:\/\/mcprezi.com\/wp-content\/uploads\/2025\/01\/MCPREZI.com-Logo-gr.png","width":1000,"height":1000,"caption":"MCPREZI - Agentur f\u00fcr Rhetorik & Pr\u00e4sentation, Prezi & Powerpoint"},"image":{"@id":"https:\/\/mcprezi.com\/en\/#\/schema\/logo\/image\/"},"sameAs":["https:\/\/www.facebook.com\/mcprezicom","https:\/\/x.com\/mcprezi","https:\/\/instagram.com\/mcprezi","https:\/\/www.linkedin.com\/company\/mcprezi---presentations-that-move","https:\/\/www.pinterest.com\/mcprezi\/"]}]}},"_links":{"self":[{"href":"https:\/\/mcprezi.com\/en\/wp-json\/wp\/v2\/pages\/7594","targetHints":{"allow":["GET"]}}],"collection":[{"href":"https:\/\/mcprezi.com\/en\/wp-json\/wp\/v2\/pages"}],"about":[{"href":"https:\/\/mcprezi.com\/en\/wp-json\/wp\/v2\/types\/page"}],"author":[{"embeddable":true,"href":"https:\/\/mcprezi.com\/en\/wp-json\/wp\/v2\/users\/3"}],"replies":[{"embeddable":true,"href":"https:\/\/mcprezi.com\/en\/wp-json\/wp\/v2\/comments?post=7594"}],"version-history":[{"count":0,"href":"https:\/\/mcprezi.com\/en\/wp-json\/wp\/v2\/pages\/7594\/revisions"}],"wp:featuredmedia":[{"embeddable":true,"href":"https:\/\/mcprezi.com\/en\/wp-json\/wp\/v2\/media\/6978"}],"wp:attachment":[{"href":"https:\/\/mcprezi.com\/en\/wp-json\/wp\/v2\/media?parent=7594"}],"curies":[{"name":"wp","href":"https:\/\/api.w.org\/{rel}","templated":true}]}}